{"id":3516,"date":"2023-03-25T00:09:55","date_gmt":"2023-03-25T00:09:55","guid":{"rendered":"https:\/\/anato.org\/guias-de-turismo\/?page_id=3516"},"modified":"2023-03-28T20:41:25","modified_gmt":"2023-03-28T20:41:25","slug":"terminos-y-condiciones","status":"publish","type":"page","link":"https:\/\/anato.org\/guiasdeturismo\/terminos-y-condiciones\/","title":{"rendered":"T\u00c9RMINOS Y CONDICIONES"},"content":{"rendered":"<p><strong>BUSCADOR GU\u00cdAS DE TURISMO PARA AGENCIAS DE VIAJES<\/strong><\/p>\n<p>Actualizado el 24 de marzo de 2023.<\/p>\n<p>Contenido:<\/p>\n<ul>\n<li>Propietario del sitio web \u2013 buscador.<\/li>\n<li>Descripci\u00f3n de informaci\u00f3n contenida<\/li>\n<li>Responsabilidad<\/li>\n<li>Modificaci\u00f3n<\/li>\n<li>Derechos de propiedad intelectual<\/li>\n<li>Pol\u00edtica de tratamiento de datos personales<\/li>\n<li>Obligaciones de los usuarios<\/li>\n<li>Ley aplicable<\/li>\n<li>Contacto<\/li>\n<\/ul>\n<p>El presente documento describe los T\u00e9rminos y Condiciones establecidos para al acceso y uso<br \/>\ndentro del sitio web <a href=\"https:\/\/anato.org\/guiasdeturismo\/\">https:\/\/anato.org\/guiasdeturismo\/<\/a> (en adelante el \u201cel buscador\u201d).<br \/>\nAl ingresar y hacer uso del buscador, se entiende que el usuario ha entendido y aceptado los<br \/>\npresentes T\u00e9rminos y Condiciones y por tanto, se obliga a cumplirlos.<br \/>\nLes solicitamos leer atentamente el presente documento antes de usar el buscador.<\/p>\n<p><strong>1. PROPIETARIO DEL BUSCADOR<\/strong><\/p>\n<p>El sitio web \u2013 buscador es propiedad de la<strong>\u00a0Asociaci\u00f3n Colombiana de Agencias de Viajes y<\/strong><br \/>\n<strong>Turismo \u2013 ANATO<\/strong>\u00a0(en adelante \u201cANATO\u201d), entidad sin \u00e1nimo de lucro, de car\u00e1cter privado, con<br \/>\npersoner\u00eda jur\u00eddica reconocida mediante Resoluci\u00f3n No. 265 del 20 de octubre de 1949 otorgada<br \/>\npor el Ministerio de Justicia y del Derecho, inscrita en la C\u00e1mara de Comercio el 04 de marzo de<br \/>\n1997 bajo el n\u00famero 00002775 del Libro I de las entidades sin \u00e1nimo de lucro, con NIT<br \/>\n860.020.530-8 y con domicilio en la ciudad de Bogot\u00e1 D.C en la carrera 19B No. 83-63 piso 8 &#8211;<br \/>\nEdificio ANATO.<\/p>\n<p><strong>2. DESCRIPCI\u00d3N DE INFORMACI\u00d3N CONTENIDA<\/strong><\/p>\n<p>El buscador, tiene como objetivo establecer un espacio tecnol\u00f3gico, que permita un acercamiento<br \/>\ny genere oportunidades entre las Agencias de Viajes ANATO y los Gu\u00edas de Turismo en Colombia.<br \/>\nLa informaci\u00f3n contenida en el buscador respecto de los gu\u00edas de turismo tales como datos<br \/>\npersonales, diplomas, Registros Nacionales de Turismo, certificados y \/o similares que se<br \/>\nencuentren en cada uno de los perfiles del buscador , son suministrados y publicados<br \/>\nexclusivamente por los gu\u00edas de turismo.<\/p>\n<p>Por tanto, cada uno de los gu\u00edas de turismo es responsable por la totalidad de la informaci\u00f3n<br \/>\nsuministrada, en cuanto a su autenticidad, veracidad, suficiencia, oportunidad, verificabilidad,<br \/>\ncomprensibilidad, precisi\u00f3n e idoneidad.<\/p>\n<p>En virtud de lo anterior, el cumplimiento de las obligaciones relacionadas con los servicios en<br \/>\nguionaje tur\u00edstico ofrecidos est\u00e1 a cargo de los gu\u00edas de turismo, cuyos datos de contacto podr\u00e1<br \/>\nencontrar en la respectiva publicaci\u00f3n del perfil.<\/p>\n<p>ANATO\u00a0no es responsable por el contenido de la informaci\u00f3n de los perfiles de los gu\u00edas de<br \/>\nturismo, ni cumplimiento de los servicios contratados en caso de llegar a acuerdos comerciales.<br \/>\nLos gu\u00edas de turismo son los \u00fanicos responsables por los presuntos da\u00f1os o perjuicios que se<br \/>\ncausen a las Agencias de Viajes ANATO o al usuario final en caso de una prestaci\u00f3n de servicio, y<br \/>\npor ende ser\u00e1 frente a ellos contra quien se interpongan todas las posibles acciones y\/o<br \/>\nreclamaciones pertinentes.<\/p>\n<p>Los gu\u00edas de turismo deben ser los titulares o tener el derecho para usar las marcas y\/o signos<br \/>\ndistintivos utilizados en la informaci\u00f3n, y\/o cualquier contenido fotogr\u00e1fico, videos o similar que se<br \/>\nsuban al buscador. En caso de no ser los titulares o de no ostentar legalmente los derechos de<br \/>\nutilizaci\u00f3n sobre la informaci\u00f3n protegida con propiedad intelectual, la responsabilidad por dicha<br \/>\nconducta ser\u00e1 \u00fanica y exclusivamente de los gu\u00edas de turismo que haya utilizado indebidamente<br \/>\ndicha informaci\u00f3n.<\/p>\n<p><strong>3. RESPONSABILIDAD<\/strong><\/p>\n<p>ANATO no se hace responsable por los da\u00f1os o intromisiones de virus inform\u00e1ticos a su equipo, o<br \/>\npor cualquier p\u00e9rdida de informaci\u00f3n. Es obligaci\u00f3n de los usuarios tanto gu\u00edas de turismo como<br \/>\nAgencias de Viajes ANATO, contar con antivirus adecuados, antispyware y en general con todos los<br \/>\nmecanismos necesarios para proteger los datos e informaci\u00f3n computacional.<\/p>\n<p>ANATO no es responsable por da\u00f1os y\/o perjuicios directos o indirectos causados por cualquier<br \/>\nadici\u00f3n o alteraci\u00f3n efectuada al buscador y\/o software realizado por los Usuarios o terceras<br \/>\npartes y que no sean aprobados en el buscador.<\/p>\n<p>ANATO procura que la informaci\u00f3n contenida en el buscador sea completa, exacta y actualizada.<br \/>\nSin embargo, no est\u00e1 en condiciones de garantizar dicha integridad, exactitud o vigencia de toda la<br \/>\ninformaci\u00f3n publicada.<\/p>\n<p>Tampoco ser\u00e1 responsable bajo ninguna circunstancia por eventuales da\u00f1os y\/o perjuicios directos<br \/>\no indirectos que puedan derivarse de su uso, por errores o inexactitudes de la informaci\u00f3n<br \/>\ncontenida en \u00e9l, ni respecto de interrupciones, demoras, virus o fallas del sistema.<\/p>\n<p><strong>4. MODIFICACI\u00d3N<\/strong><\/p>\n<p>ANATO se reserva la facultad de modificar los presentes T\u00e9rminos y Condiciones, para lo cual no<br \/>\nser\u00e1 necesario notificar directamente a los usuarios. Por este motivo, es deber del usuario<br \/>\nconsultar peri\u00f3dicamente este documento, con el fin de conocer si el mismo ha sufrido alguna<br \/>\nalteraci\u00f3n.<\/p>\n<p>Las modificaciones que se realicen al presente documento ser\u00e1n de obligatorio cumplimiento para<br \/>\nlos usuarios tanto gu\u00edas de turismo como Agencias de Viajes ANATO a partir de su publicaci\u00f3n.<\/p>\n<p><strong>5. DERECHOS DE PROPIEDAD INTELECTUAL<\/strong><\/p>\n<p>Se informa a los usuarios que la expresi\u00f3n ANATO es una marca mixta registrada por la Asociaci\u00f3n<br \/>\nColombiana de Agencias de Viajes y Turismo &#8211; ANATO y su uso est\u00e1 restringido a la Asociaci\u00f3n y los<br \/>\nAsociados de la entidad, por tanto, su utilizaci\u00f3n por personas no autorizadas est\u00e1 totalmente<br \/>\nprohibido.<\/p>\n<p>As\u00ed mismo, el buscador es propiedad de ANATO, por lo que su reproducci\u00f3n, alteraci\u00f3n,<br \/>\ncomercializaci\u00f3n y en general cualquier acto de disposici\u00f3n sobre el mismo o por parte de un<br \/>\ntercero no autorizado est\u00e1\u00a0completamente prohibido.<\/p>\n<p><strong>6. POL\u00cdTICA DE TRATAMIENTO DE DATOS PERSONALES<\/strong><\/p>\n<p>En cumplimiento de la Ley 1581 de 2012 y el Decreto 1377 de 2013, el usuario manifiesta que<br \/>\nconoce y acepta la pol\u00edtica de tratamiento de datos personales de ANATO, la cual podr\u00e1 ser<br \/>\nconsultada en la siguiente direcci\u00f3n\u00a0<a href=\"https:\/\/anato.org\/politica-datos-personales\/\">https:\/\/anato.org\/politica-datos-personales\/.<\/a><br \/>\nEn dicho documento podr\u00e1 conocer el tratamiento al cual est\u00e1n sometidos sus datos, los derechos<br \/>\ny obligaciones, procedimiento para ejercer sus derechos, entre otros puntos.<\/p>\n<p><strong>7. OBLIGACIONES DE LOS USUARIOS<\/strong><\/p>\n<p>Al usar el buscador y aceptar los presentes T\u00e9rminos y Condiciones, el usuario se compromete a:<\/p>\n<ol>\n<li>Usar el buscador \u00fanicamente para los fines establecidos.<\/li>\n<li>Respetar los derechos de propiedad intelectual.<\/li>\n<li>Evitar realizar cualquier acci\u00f3n que altere, da\u00f1e, modifique el funcionamiento del buscador.<\/li>\n<li>Conocer y aceptar integralmente los t\u00e9rminos y condiciones aqu\u00ed establecidos.<\/li>\n<\/ol>\n<p><strong>8. USO DE TECNOLOG\u00cdA COOKIES<\/strong><\/p>\n<p>\u201cEl sitio\u201d hace uso de la tecnolog\u00eda \u201ccookies\u00bb que corresponde a peque\u00f1os ficheros de<br \/>\ndatos que se generan en el ordenador del usuario y que permiten conocer la siguiente<br \/>\ninformaci\u00f3n:<\/p>\n<ul>\n<li>La fecha y la hora de la \u00faltima vez que el usuario visit\u00f3 \u201cel sitio\u201d.<\/li>\n<li>El dise\u00f1o de contenidos que el usuario escogi\u00f3 en su primera vista a \u201cel sitio\u201d.<\/li>\n<li>Elementos de seguridad que intervienen en el control de acceso a las \u00e1reas restringidas.<\/li>\n<li>No obstante, se informa a los Usuarios la posibilidad de desechar esa utilizaci\u00f3n en su terminal inform\u00e1tico. A trav\u00e9s de estas \u00abcookies\u00bb el resto de usuarios una vez est\u00e1 registrado pueden ver si est\u00e1 o no conectado y de este modo contactarlo a usted con mayor fluidez y rapidez.<\/li>\n<\/ul>\n<p><strong>9. LEY APLICABLE<\/strong><\/p>\n<p>Cualquier interpretaci\u00f3n que deba hacerse a al presente documento se har\u00e1 conforme a la Ley<br \/>\ncolombiana.<\/p>\n<p><strong>10. CONTACTO<\/strong><\/p>\n<p>En caso que requiera contactarse con ANATO por cualquier asunto respecto al buscador o sobre<br \/>\nestos T\u00e9rminos y Condiciones, por favor dirigir su comunicaci\u00f3n al correo electr\u00f3nico<a href=\"mailto:tecnologia@anato.org\"> tecnologia@anato.org<\/a> \u00a0o <a href=\"mailto:juridico@anato.org\">juridico@anato.org<\/a> , a la carrera 19B No. 83-63 Piso 8, Edificio ANATO.<\/p>\n","protected":false},"excerpt":{"rendered":"<p>BUSCADOR GU\u00cdAS DE TURISMO PARA AGENCIAS DE VIAJES Actualizado el 24 de marzo de 2023. Contenido: Propietario del sitio web \u2013 buscador. Descripci\u00f3n de informaci\u00f3n contenida Responsabilidad Modificaci\u00f3n Derechos de propiedad intelectual Pol\u00edtica de tratamiento de datos personales Obligaciones de los usuarios Ley aplicable Contacto El presente documento describe los T\u00e9rminos y Condiciones establecidos para&hellip;<\/p>\n","protected":false},"author":1,"featured_media":0,"parent":0,"menu_order":0,"comment_status":"closed","ping_status":"closed","template":"page-templates\/template-single-column.php","meta":{"_acf_changed":false,"footnotes":""},"class_list":["post-3516","page","type-page","status-publish","hentry","content-box content-box-wrapper"],"acf":[],"_links":{"self":[{"href":"https:\/\/anato.org\/guiasdeturismo\/wp-json\/wp\/v2\/pages\/3516","targetHints":{"allow":["GET"]}}],"collection":[{"href":"https:\/\/anato.org\/guiasdeturismo\/wp-json\/wp\/v2\/pages"}],"about":[{"href":"https:\/\/anato.org\/guiasdeturismo\/wp-json\/wp\/v2\/types\/page"}],"author":[{"embeddable":true,"href":"https:\/\/anato.org\/guiasdeturismo\/wp-json\/wp\/v2\/users\/1"}],"replies":[{"embeddable":true,"href":"https:\/\/anato.org\/guiasdeturismo\/wp-json\/wp\/v2\/comments?post=3516"}],"version-history":[{"count":4,"href":"https:\/\/anato.org\/guiasdeturismo\/wp-json\/wp\/v2\/pages\/3516\/revisions"}],"predecessor-version":[{"id":3524,"href":"https:\/\/anato.org\/guiasdeturismo\/wp-json\/wp\/v2\/pages\/3516\/revisions\/3524"}],"wp:attachment":[{"href":"https:\/\/anato.org\/guiasdeturismo\/wp-json\/wp\/v2\/media?parent=3516"}],"curies":[{"name":"wp","href":"https:\/\/api.w.org\/{rel}","templated":true}]}}