{"id":67,"date":"2021-07-08T20:39:27","date_gmt":"2021-07-08T20:39:27","guid":{"rendered":"https:\/\/anato.org\/guias-de-turismo\/?page_id=67"},"modified":"2023-02-16T00:01:57","modified_gmt":"2023-02-16T00:01:57","slug":"quienes-somos","status":"publish","type":"page","link":"https:\/\/anato.org\/guiasdeturismo\/quienes-somos\/","title":{"rendered":"Quienes somos"},"content":{"rendered":"<div class=\"vc_row wpb_row vc_row-fluid\">\n<div class=\"wpb_column vc_column_container vc_col-sm-12\">\n<div class=\"vc_column-inner \">\n<div class=\"wpb_wrapper\">\n<div class=\"wpb_text_column wpb_content_element \">\n<div class=\"wpb_wrapper\">\n<p>El <strong>Buscador de Gu\u00edas Profesionales de Turismo<\/strong> es un portal web creado por ANATO para uso exclusivo entre Gu\u00edas Profesionales de Turismo y Agencias de Viajes asociadas a ANATO, con el objetivo de promover el contacto entre ambos actores del sector tur\u00edstico.<\/p>\n<p>&nbsp;<\/p>\n<p>La Asociaci\u00f3n Colombiana de Agencias de Viajes y Turismo \u2013 ANATO es una entidad sin \u00e1nimo de lucro y de car\u00e1cter gremial que representa, defiende y promociona los intereses generales del turismo y de las Agencias de Viajes en Colombia.\u00a0Creada el 20 de octubre de 1949, est\u00e1 conformada por Agencias Asociadas en todo el territorio nacional con 9 cap\u00edtulos de representaci\u00f3n, consolidando el sector y la agremiaci\u00f3n como la entidad de m\u00e1s amplio reconocimiento nacional por el desarrollo de su gesti\u00f3n.<\/p>\n<p>&nbsp;<\/p>\n<\/div>\n<p>&nbsp;<\/p>\n<\/div>\n<\/div>\n<\/div>\n<\/div>\n<\/div>\n<div class=\"vc_row wpb_row vc_row-fluid\">\n<div class=\"wpb_column vc_column_container vc_col-sm-12\">\n<div class=\"vc_column-inner \">\n<div class=\"wpb_wrapper\">\n<div class=\"wpb_text_column wpb_content_element \">\n<div class=\"wpb_wrapper\">\n<div><center>Consulte m\u00e1s en:\u00a0<a href=\"http:\/\/anato.org\/\" target=\"_blank\" rel=\"noopener noreferrer\">www.anato.org<\/a><\/center><\/div>\n<\/div>\n<\/div>\n<\/div>\n<\/div>\n<\/div>\n<\/div>\n","protected":false},"excerpt":{"rendered":"<p>El Buscador de Gu\u00edas Profesionales de Turismo es un portal web creado por ANATO para uso exclusivo entre Gu\u00edas Profesionales de Turismo y Agencias de Viajes asociadas a ANATO, con el objetivo de promover el contacto entre ambos actores del sector tur\u00edstico. &nbsp; La Asociaci\u00f3n Colombiana de Agencias de Viajes y Turismo \u2013 ANATO es&hellip;<\/p>\n","protected":false},"author":1,"featured_media":0,"parent":0,"menu_order":0,"comment_status":"closed","ping_status":"closed","template":"page-templates\/template-full-width.php","meta":{"_acf_changed":false,"footnotes":""},"class_list":["post-67","page","type-page","status-publish","hentry","content-box content-box-wrapper"],"acf":[],"_links":{"self":[{"href":"https:\/\/anato.org\/guiasdeturismo\/wp-json\/wp\/v2\/pages\/67","targetHints":{"allow":["GET"]}}],"collection":[{"href":"https:\/\/anato.org\/guiasdeturismo\/wp-json\/wp\/v2\/pages"}],"about":[{"href":"https:\/\/anato.org\/guiasdeturismo\/wp-json\/wp\/v2\/types\/page"}],"author":[{"embeddable":true,"href":"https:\/\/anato.org\/guiasdeturismo\/wp-json\/wp\/v2\/users\/1"}],"replies":[{"embeddable":true,"href":"https:\/\/anato.org\/guiasdeturismo\/wp-json\/wp\/v2\/comments?post=67"}],"version-history":[{"count":4,"href":"https:\/\/anato.org\/guiasdeturismo\/wp-json\/wp\/v2\/pages\/67\/revisions"}],"predecessor-version":[{"id":3008,"href":"https:\/\/anato.org\/guiasdeturismo\/wp-json\/wp\/v2\/pages\/67\/revisions\/3008"}],"wp:attachment":[{"href":"https:\/\/anato.org\/guiasdeturismo\/wp-json\/wp\/v2\/media?parent=67"}],"curies":[{"name":"wp","href":"https:\/\/api.w.org\/{rel}","templated":true}]}}